{"id":26718,"date":"2024-01-24T16:24:11","date_gmt":"2024-01-24T15:24:11","guid":{"rendered":"https:\/\/grupocimhe.com\/treinamentos\/"},"modified":"2025-04-14T14:23:51","modified_gmt":"2025-04-14T12:23:51","slug":"treinamentos","status":"publish","type":"page","link":"https:\/\/grupocimhe.com\/pt-br\/treinamentos\/","title":{"rendered":"TREINAMENTOS"},"content":{"rendered":"<p>[et_pb_section fb_built=&#8221;1&#8243; _builder_version=&#8221;4.24.0&#8243; _module_preset=&#8221;default&#8221; use_background_color_gradient=&#8221;on&#8221; background_color_gradient_stops=&#8221;#8986a8 0%|#e5e5e5 100%&#8221; global_colors_info=&#8221;{}&#8221;][et_pb_row column_structure=&#8221;1_2,1_2&#8243; _builder_version=&#8221;4.16&#8243; custom_margin=&#8221;|auto|-40px|auto||&#8221; global_colors_info=&#8221;{}&#8221;][et_pb_column type=&#8221;1_2&#8243; _builder_version=&#8221;4.16&#8243; global_colors_info=&#8221;{}&#8221;][et_pb_text _builder_version=&#8221;4.24.0&#8243; text_font=&#8221;Cabin||||||||&#8221; text_text_color=&#8221;rgba(85,101,112,0.8)&#8221; text_font_size=&#8221;16px&#8221; text_line_height=&#8221;1.8em&#8221; header_font=&#8221;Squada One|700|||||||&#8221; header_text_color=&#8221;#ffffff&#8221; header_font_size=&#8221;66px&#8221; header_line_height=&#8221;1.1em&#8221; header_3_font=&#8221;Cabin|700||on|||||&#8221; header_3_text_color=&#8221;#FFFFFF&#8221; header_3_font_size=&#8221;17px&#8221; header_3_letter_spacing=&#8221;3px&#8221; header_3_line_height=&#8221;1.4em&#8221; header_4_line_height=&#8221;1.4em&#8221; max_width=&#8221;36vw&#8221; max_width_tablet=&#8221;90%&#8221; max_width_phone=&#8221;100%&#8221; max_width_last_edited=&#8221;on|tablet&#8221; custom_margin=&#8221;||||false|false&#8221; animation_style=&#8221;slide&#8221; animation_direction=&#8221;right&#8221; animation_duration=&#8221;1500ms&#8221; text_font_size_tablet=&#8221;15px&#8221; text_font_size_phone=&#8221;14px&#8221; text_font_size_last_edited=&#8221;on|phone&#8221; header_font_size_tablet=&#8221;52px&#8221; header_font_size_phone=&#8221;38px&#8221; header_font_size_last_edited=&#8221;on|desktop&#8221; locked=&#8221;off&#8221; global_colors_info=&#8221;{}&#8221;]<\/p>\n<h3>Grupo CIMHE<\/h3>\n<h1>TREINAMENTOS<\/h1>\n<h4><span>Tra\u00e7ando o futuro das pr\u00f3ximas gera\u00e7\u00f5es: A CIMHE educa com certifica\u00e7\u00f5es de excel\u00eancia e workshops inovadores em colabora\u00e7\u00e3o com a AAHE<\/span><\/h4>\n<p>[\/et_pb_text][\/et_pb_column][et_pb_column type=&#8221;1_2&#8243; _builder_version=&#8221;4.16&#8243; global_colors_info=&#8221;{}&#8221;][et_pb_image src=&#8221;https:\/\/grupocimhe.com\/wp-content\/uploads\/2024\/10\/Logo-Grupo-CIMHE-Control-de-Calidad-Hormigon-Elaborado.png&#8221; title_text=&#8221;CIMHE Group Logo Quality Control of Elaborated Concrete&#8221; align=&#8221;center&#8221; _builder_version=&#8221;4.27.0&#8243; background_color=&#8221;#ffffff&#8221; custom_padding=&#8221;5%|5%|5%|5%|false|true&#8221; hover_enabled=&#8221;0&#8243; border_width_bottom=&#8221;10px&#8221; border_color_bottom=&#8221;#7999a8&#8243; global_colors_info=&#8221;{}&#8221; sticky_enabled=&#8221;0&#8243;][\/et_pb_image][\/et_pb_column][\/et_pb_row][\/et_pb_section][et_pb_section fb_built=&#8221;1&#8243; _builder_version=&#8221;4.24.0&#8243; _module_preset=&#8221;default&#8221; global_colors_info=&#8221;{}&#8221;][et_pb_row _builder_version=&#8221;4.24.0&#8243; _module_preset=&#8221;default&#8221; global_colors_info=&#8221;{}&#8221;][et_pb_column type=&#8221;4_4&#8243; _builder_version=&#8221;4.24.0&#8243; _module_preset=&#8221;default&#8221; global_colors_info=&#8221;{}&#8221;][et_pb_blog fullwidth=&#8221;off&#8221; posts_number=&#8221;6&#8243; include_categories=&#8221;21&#8243; excerpt_length=&#8221;110&#8243; show_author=&#8221;off&#8221; show_date=&#8221;off&#8221; show_pagination=&#8221;off&#8221; _builder_version=&#8221;4.24.0&#8243; _module_preset=&#8221;default&#8221; border_width_all=&#8221;0px&#8221; box_shadow_style=&#8221;preset3&#8243; global_colors_info=&#8221;{}&#8221;][\/et_pb_blog][\/et_pb_column][\/et_pb_row][\/et_pb_section]<\/p>\n","protected":false},"excerpt":{"rendered":"<p>Grupo CIMHE TREINAMENTOS Tra\u00e7ando o futuro das pr\u00f3ximas gera\u00e7\u00f5es: A CIMHE educa com certifica\u00e7\u00f5es de excel\u00eancia e workshops inovadores em colabora\u00e7\u00e3o com a AAHE<\/p>\n","protected":false},"author":1,"featured_media":0,"parent":0,"menu_order":0,"comment_status":"closed","ping_status":"closed","template":"","meta":{"_et_pb_use_builder":"on","_et_pb_old_content":"","_et_gb_content_width":"","footnotes":""},"class_list":["post-26718","page","type-page","status-publish","hentry"],"yoast_head":"<!-- This site is optimized with the Yoast SEO Premium plugin v22.5 (Yoast SEO v26.8) - https:\/\/yoast.com\/product\/yoast-seo-premium-wordpress\/ -->\n<title>TREINAMENTOS - grupocimhe.com<\/title>\n<meta name=\"robots\" content=\"index, follow, max-snippet:-1, max-image-preview:large, max-video-preview:-1\" \/>\n<link rel=\"canonical\" href=\"https:\/\/grupocimhe.com\/pt-br\/treinamentos\/\" \/>\n<meta property=\"og:locale\" content=\"pt_BR\" \/>\n<meta property=\"og:type\" content=\"article\" \/>\n<meta property=\"og:title\" content=\"TREINAMENTOS\" \/>\n<meta property=\"og:description\" content=\"Grupo CIMHE TREINAMENTOS Tra\u00e7ando o futuro das pr\u00f3ximas gera\u00e7\u00f5es: A CIMHE educa com certifica\u00e7\u00f5es de excel\u00eancia e workshops inovadores em colabora\u00e7\u00e3o com a AAHE\" \/>\n<meta property=\"og:url\" content=\"https:\/\/grupocimhe.com\/pt-br\/treinamentos\/\" \/>\n<meta property=\"og:site_name\" content=\"grupocimhe.com\" \/>\n<meta property=\"article:modified_time\" content=\"2025-04-14T12:23:51+00:00\" \/>\n<meta name=\"twitter:card\" content=\"summary_large_image\" \/>\n<meta name=\"twitter:label1\" content=\"Est. tempo de leitura\" \/>\n\t<meta name=\"twitter:data1\" content=\"2 minutos\" \/>\n<script type=\"application\/ld+json\" class=\"yoast-schema-graph\">{\"@context\":\"https:\/\/schema.org\",\"@graph\":[{\"@type\":\"WebPage\",\"@id\":\"https:\/\/grupocimhe.com\/pt-br\/treinamentos\/\",\"url\":\"https:\/\/grupocimhe.com\/pt-br\/treinamentos\/\",\"name\":\"TREINAMENTOS - grupocimhe.com\",\"isPartOf\":{\"@id\":\"https:\/\/grupocimhe.com\/#website\"},\"datePublished\":\"2024-01-24T15:24:11+00:00\",\"dateModified\":\"2025-04-14T12:23:51+00:00\",\"breadcrumb\":{\"@id\":\"https:\/\/grupocimhe.com\/pt-br\/treinamentos\/#breadcrumb\"},\"inLanguage\":\"pt-BR\",\"potentialAction\":[{\"@type\":\"ReadAction\",\"target\":[\"https:\/\/grupocimhe.com\/pt-br\/treinamentos\/\"]}]},{\"@type\":\"BreadcrumbList\",\"@id\":\"https:\/\/grupocimhe.com\/pt-br\/treinamentos\/#breadcrumb\",\"itemListElement\":[{\"@type\":\"ListItem\",\"position\":1,\"name\":\"Portada\",\"item\":\"https:\/\/grupocimhe.com\/pt-br\/grupo-cimhe\/\"},{\"@type\":\"ListItem\",\"position\":2,\"name\":\"TREINAMENTOS\"}]},{\"@type\":\"WebSite\",\"@id\":\"https:\/\/grupocimhe.com\/#website\",\"url\":\"https:\/\/grupocimhe.com\/\",\"name\":\"grupocimhe.com\",\"description\":\"Ciencia e Ingenier\u00eda M\u00f3vil del Hormig\u00f3n Elaborado\",\"potentialAction\":[{\"@type\":\"SearchAction\",\"target\":{\"@type\":\"EntryPoint\",\"urlTemplate\":\"https:\/\/grupocimhe.com\/?s={search_term_string}\"},\"query-input\":{\"@type\":\"PropertyValueSpecification\",\"valueRequired\":true,\"valueName\":\"search_term_string\"}}],\"inLanguage\":\"pt-BR\"}]}<\/script>\n<!-- \/ Yoast SEO Premium plugin. -->","yoast_head_json":{"title":"TREINAMENTOS - grupocimhe.com","robots":{"index":"index","follow":"follow","max-snippet":"max-snippet:-1","max-image-preview":"max-image-preview:large","max-video-preview":"max-video-preview:-1"},"canonical":"https:\/\/grupocimhe.com\/pt-br\/treinamentos\/","og_locale":"pt_BR","og_type":"article","og_title":"TREINAMENTOS","og_description":"Grupo CIMHE TREINAMENTOS Tra\u00e7ando o futuro das pr\u00f3ximas gera\u00e7\u00f5es: A CIMHE educa com certifica\u00e7\u00f5es de excel\u00eancia e workshops inovadores em colabora\u00e7\u00e3o com a AAHE","og_url":"https:\/\/grupocimhe.com\/pt-br\/treinamentos\/","og_site_name":"grupocimhe.com","article_modified_time":"2025-04-14T12:23:51+00:00","twitter_card":"summary_large_image","twitter_misc":{"Est. tempo de leitura":"2 minutos"},"schema":{"@context":"https:\/\/schema.org","@graph":[{"@type":"WebPage","@id":"https:\/\/grupocimhe.com\/pt-br\/treinamentos\/","url":"https:\/\/grupocimhe.com\/pt-br\/treinamentos\/","name":"TREINAMENTOS - grupocimhe.com","isPartOf":{"@id":"https:\/\/grupocimhe.com\/#website"},"datePublished":"2024-01-24T15:24:11+00:00","dateModified":"2025-04-14T12:23:51+00:00","breadcrumb":{"@id":"https:\/\/grupocimhe.com\/pt-br\/treinamentos\/#breadcrumb"},"inLanguage":"pt-BR","potentialAction":[{"@type":"ReadAction","target":["https:\/\/grupocimhe.com\/pt-br\/treinamentos\/"]}]},{"@type":"BreadcrumbList","@id":"https:\/\/grupocimhe.com\/pt-br\/treinamentos\/#breadcrumb","itemListElement":[{"@type":"ListItem","position":1,"name":"Portada","item":"https:\/\/grupocimhe.com\/pt-br\/grupo-cimhe\/"},{"@type":"ListItem","position":2,"name":"TREINAMENTOS"}]},{"@type":"WebSite","@id":"https:\/\/grupocimhe.com\/#website","url":"https:\/\/grupocimhe.com\/","name":"grupocimhe.com","description":"Ciencia e Ingenier\u00eda M\u00f3vil del Hormig\u00f3n Elaborado","potentialAction":[{"@type":"SearchAction","target":{"@type":"EntryPoint","urlTemplate":"https:\/\/grupocimhe.com\/?s={search_term_string}"},"query-input":{"@type":"PropertyValueSpecification","valueRequired":true,"valueName":"search_term_string"}}],"inLanguage":"pt-BR"}]}},"_links":{"self":[{"href":"https:\/\/grupocimhe.com\/pt-br\/wp-json\/wp\/v2\/pages\/26718","targetHints":{"allow":["GET"]}}],"collection":[{"href":"https:\/\/grupocimhe.com\/pt-br\/wp-json\/wp\/v2\/pages"}],"about":[{"href":"https:\/\/grupocimhe.com\/pt-br\/wp-json\/wp\/v2\/types\/page"}],"author":[{"embeddable":true,"href":"https:\/\/grupocimhe.com\/pt-br\/wp-json\/wp\/v2\/users\/1"}],"replies":[{"embeddable":true,"href":"https:\/\/grupocimhe.com\/pt-br\/wp-json\/wp\/v2\/comments?post=26718"}],"version-history":[{"count":9,"href":"https:\/\/grupocimhe.com\/pt-br\/wp-json\/wp\/v2\/pages\/26718\/revisions"}],"predecessor-version":[{"id":27184,"href":"https:\/\/grupocimhe.com\/pt-br\/wp-json\/wp\/v2\/pages\/26718\/revisions\/27184"}],"wp:attachment":[{"href":"https:\/\/grupocimhe.com\/pt-br\/wp-json\/wp\/v2\/media?parent=26718"}],"curies":[{"name":"wp","href":"https:\/\/api.w.org\/{rel}","templated":true}]}}