{"id":27055,"date":"2024-04-23T21:30:12","date_gmt":"2024-04-23T19:30:12","guid":{"rendered":"https:\/\/grupocimhe.com\/qualidade\/"},"modified":"2025-04-14T13:51:56","modified_gmt":"2025-04-14T11:51:56","slug":"qualidade","status":"publish","type":"page","link":"https:\/\/grupocimhe.com\/pt-br\/qualidade\/","title":{"rendered":"QUALIDADE"},"content":{"rendered":"<p>[et_pb_section fb_built=&#8221;1&#8243; _builder_version=&#8221;4.25.0&#8243; _module_preset=&#8221;default&#8221; custom_padding=&#8221;76px|||||&#8221; global_colors_info=&#8221;{}&#8221;][et_pb_row _builder_version=&#8221;4.16&#8243; global_colors_info=&#8221;{}&#8221;][et_pb_column type=&#8221;4_4&#8243; _builder_version=&#8221;4.16&#8243; custom_padding=&#8221;|||&#8221; global_colors_info=&#8221;{}&#8221; custom_padding__hover=&#8221;|||&#8221;][et_pb_text _builder_version=&#8221;4.25.0&#8243; _module_preset=&#8221;default&#8221; header_2_font=&#8221;|700|||||||&#8221; header_2_text_align=&#8221;left&#8221; header_2_text_color=&#8221;#222F3E&#8221; header_2_font_size=&#8221;32px&#8221; text_orientation=&#8221;center&#8221; header_2_text_align_tablet=&#8221;left&#8221; header_2_text_align_phone=&#8221;center&#8221; header_2_text_align_last_edited=&#8221;on|phone&#8221; header_2_font_size_tablet=&#8221;30px&#8221; header_2_font_size_phone=&#8221;18px&#8221; header_2_font_size_last_edited=&#8221;on|tablet&#8221; header_2_line_height_tablet=&#8221;&#8221; header_2_line_height_phone=&#8221;1.6em&#8221; header_2_line_height_last_edited=&#8221;on|phone&#8221; global_colors_info=&#8221;{}&#8221;]<\/p>\n<h2><span>CERTIFICANDO A EXCEL\u00caNCIA: Nosso compromisso com a qualidade<\/span><\/h2>\n<p><span>Qualquer empresa que escolha avaliar seus projetos e opte pelo <strong>Grupo Cimhe<\/strong>, garante resultados confi\u00e1veis, conformidade regulat\u00f3ria, reputa\u00e7\u00e3o s\u00f3lida, efici\u00eancia operacional e melhoria cont\u00ednua nos projetos de constru\u00e7\u00e3o.<\/span><\/p>\n<p>[\/et_pb_text][\/et_pb_column][\/et_pb_row][et_pb_row _builder_version=&#8221;4.25.0&#8243; _module_preset=&#8221;default&#8221; global_colors_info=&#8221;{}&#8221;][et_pb_column type=&#8221;4_4&#8243; _builder_version=&#8221;4.25.0&#8243; _module_preset=&#8221;default&#8221; global_colors_info=&#8221;{}&#8221;][et_pb_text _builder_version=&#8221;4.25.0&#8243; _module_preset=&#8221;default&#8221; global_colors_info=&#8221;{}&#8221;]<\/p>\n<p><span>Nosso compromisso com a qualidade nos posicionou como l\u00edderes no mercado nacional, capazes de enfrentar qualquer desafio que surja no setor. Essa dedica\u00e7\u00e3o tem sido fundamental para estabelecer relacionamentos s\u00f3lidos com nossos clientes e garantir sua total satisfa\u00e7\u00e3o em cada projeto que realizamos.<\/span><\/p>\n<p><span><\/span><\/p>\n<p><span>A combina\u00e7\u00e3o de ambas as certifica\u00e7\u00f5es apoia fortemente nossa dedica\u00e7\u00e3o \u00e0 qualidade, permitindo-nos construir uma empresa de renome nacional. Temos orgulho de ter estabelecido uma reputa\u00e7\u00e3o s\u00f3lida e confi\u00e1vel, capaz de atender \u00e0s necessidades mais exigentes do setor atual.<\/span><\/p>\n<p>[\/et_pb_text][\/et_pb_column][\/et_pb_row][et_pb_row column_structure=&#8221;3_4,1_4&#8243; _builder_version=&#8221;4.25.0&#8243; _module_preset=&#8221;default&#8221; custom_padding=&#8221;|20px||20px|false|true&#8221; border_radii=&#8221;on|12px|12px|12px|12px&#8221; border_width_all=&#8221;1px&#8221; border_color_all=&#8221;RGBA(57,62,70,0.87)&#8221; global_colors_info=&#8221;{}&#8221;][et_pb_column type=&#8221;3_4&#8243; _builder_version=&#8221;4.25.0&#8243; _module_preset=&#8221;default&#8221; global_colors_info=&#8221;{}&#8221;][et_pb_text _builder_version=&#8221;4.25.0&#8243; _module_preset=&#8221;default&#8221; header_5_font=&#8221;|600|||||||&#8221; header_5_line_height=&#8221;1.4em&#8221; header_5_text_align_tablet=&#8221;&#8221; header_5_text_align_phone=&#8221;center&#8221; header_5_text_align_last_edited=&#8221;on|phone&#8221; header_5_letter_spacing_tablet=&#8221;&#8221; header_5_letter_spacing_phone=&#8221;0px&#8221; header_5_letter_spacing_last_edited=&#8221;on|phone&#8221; header_5_line_height_tablet=&#8221;1.4em&#8221; header_5_line_height_phone=&#8221;1.8em&#8221; header_5_line_height_last_edited=&#8221;on|desktop&#8221; global_colors_info=&#8221;{}&#8221;]<\/p>\n<h5><span>Focado em aumentar a satisfa\u00e7\u00e3o do cliente<\/span>, o GRUPO CIMHE foi submetido a rigorosos controles que hoje certificam seu desempenho:<\/h5>\n<p>[\/et_pb_text][\/et_pb_column][et_pb_column type=&#8221;1_4&#8243; _builder_version=&#8221;4.25.0&#8243; _module_preset=&#8221;default&#8221; global_colors_info=&#8221;{}&#8221;][et_pb_button button_url=&#8221;https:\/\/grupocimhe.com\/wp-content\/uploads\/2024\/10\/Grupo-Cimhe-Politica-de-la-calidad-1.docx.pdf&#8221; button_text=&#8221;Pol\u00edtica de Qualidade&#8221; button_alignment=&#8221;center&#8221; button_alignment_tablet=&#8221;center&#8221; button_alignment_phone=&#8221;center&#8221; button_alignment_last_edited=&#8221;on|desktop&#8221; _builder_version=&#8221;4.27.0&#8243; _module_preset=&#8221;default&#8221; custom_button=&#8221;on&#8221; button_text_size=&#8221;16px&#8221; button_text_color=&#8221;#FFFFFF&#8221; button_bg_color=&#8221;#EE5253&#8243; button_border_color=&#8221;#EE5253&#8243; global_colors_info=&#8221;{}&#8221;][\/et_pb_button][\/et_pb_column][\/et_pb_row][et_pb_row column_structure=&#8221;1_2,1_2&#8243; use_custom_gutter=&#8221;on&#8221; make_equal=&#8221;on&#8221; _builder_version=&#8221;4.25.0&#8243; _module_preset=&#8221;default&#8221; background_color=&#8221;RGBA(57,62,70,0.87)&#8221; max_width=&#8221;100%&#8221; custom_margin=&#8221;57px|auto||auto||&#8221; global_colors_info=&#8221;{}&#8221;][et_pb_column type=&#8221;1_2&#8243; _builder_version=&#8221;4.25.0&#8243; _module_preset=&#8221;default&#8221; global_colors_info=&#8221;{}&#8221;][et_pb_image src=&#8221;https:\/\/grupocimhe.com\/wp-content\/uploads\/2025\/04\/CIMHE-S.R.L-9001-iqnet-pdf.jpg&#8221; title_text=&#8221;CIMHE S.R.L 9001 iqnet&#8221; _builder_version=&#8221;4.27.4&#8243; _module_preset=&#8221;default&#8221; hover_enabled=&#8221;0&#8243; global_colors_info=&#8221;{}&#8221; sticky_enabled=&#8221;0&#8243;][\/et_pb_image][\/et_pb_column][et_pb_column type=&#8221;1_2&#8243; _builder_version=&#8221;4.25.0&#8243; _module_preset=&#8221;default&#8221; global_colors_info=&#8221;{}&#8221;][et_pb_image src=&#8221;https:\/\/grupocimhe.com\/wp-content\/uploads\/2025\/04\/CIMHE-S.R.L-9001-iram-pdf.jpg&#8221; title_text=&#8221;CIMHE S.R.L 9001 iram&#8221; _builder_version=&#8221;4.27.4&#8243; _module_preset=&#8221;default&#8221; hover_enabled=&#8221;0&#8243; global_colors_info=&#8221;{}&#8221; sticky_enabled=&#8221;0&#8243;][\/et_pb_image][\/et_pb_column][\/et_pb_row][\/et_pb_section]<\/p>\n","protected":false},"excerpt":{"rendered":"<p>CERTIFICANDO A EXCEL\u00caNCIA: Nosso compromisso com a qualidade Qualquer empresa que escolha avaliar seus projetos e opte pelo Grupo Cimhe, garante resultados confi\u00e1veis, conformidade regulat\u00f3ria, reputa\u00e7\u00e3o s\u00f3lida, efici\u00eancia operacional e melhoria cont\u00ednua nos projetos de constru\u00e7\u00e3o.Nosso compromisso com a qualidade nos posicionou como l\u00edderes no mercado nacional, capazes de enfrentar qualquer desafio que surja no [&hellip;]<\/p>\n","protected":false},"author":1,"featured_media":0,"parent":0,"menu_order":0,"comment_status":"closed","ping_status":"closed","template":"","meta":{"_et_pb_use_builder":"on","_et_pb_old_content":"","_et_gb_content_width":"","footnotes":""},"class_list":["post-27055","page","type-page","status-publish","hentry"],"yoast_head":"<!-- This site is optimized with the Yoast SEO Premium plugin v22.5 (Yoast SEO v26.8) - https:\/\/yoast.com\/product\/yoast-seo-premium-wordpress\/ -->\n<title>QUALIDADE - grupocimhe.com<\/title>\n<meta name=\"robots\" content=\"index, follow, max-snippet:-1, max-image-preview:large, max-video-preview:-1\" \/>\n<link rel=\"canonical\" href=\"https:\/\/grupocimhe.com\/pt-br\/qualidade\/\" \/>\n<meta property=\"og:locale\" content=\"pt_BR\" \/>\n<meta property=\"og:type\" content=\"article\" \/>\n<meta property=\"og:title\" content=\"QUALIDADE\" \/>\n<meta property=\"og:description\" content=\"CERTIFICANDO A EXCEL\u00caNCIA: Nosso compromisso com a qualidade Qualquer empresa que escolha avaliar seus projetos e opte pelo Grupo Cimhe, garante resultados confi\u00e1veis, conformidade regulat\u00f3ria, reputa\u00e7\u00e3o s\u00f3lida, efici\u00eancia operacional e melhoria cont\u00ednua nos projetos de constru\u00e7\u00e3o.Nosso compromisso com a qualidade nos posicionou como l\u00edderes no mercado nacional, capazes de enfrentar qualquer desafio que surja no [&hellip;]\" \/>\n<meta property=\"og:url\" content=\"https:\/\/grupocimhe.com\/pt-br\/qualidade\/\" \/>\n<meta property=\"og:site_name\" content=\"grupocimhe.com\" \/>\n<meta property=\"article:modified_time\" content=\"2025-04-14T11:51:56+00:00\" \/>\n<meta name=\"twitter:card\" content=\"summary_large_image\" \/>\n<meta name=\"twitter:label1\" content=\"Est. tempo de leitura\" \/>\n\t<meta name=\"twitter:data1\" content=\"3 minutos\" \/>\n<script type=\"application\/ld+json\" class=\"yoast-schema-graph\">{\"@context\":\"https:\/\/schema.org\",\"@graph\":[{\"@type\":\"WebPage\",\"@id\":\"https:\/\/grupocimhe.com\/pt-br\/qualidade\/\",\"url\":\"https:\/\/grupocimhe.com\/pt-br\/qualidade\/\",\"name\":\"QUALIDADE - grupocimhe.com\",\"isPartOf\":{\"@id\":\"https:\/\/grupocimhe.com\/#website\"},\"datePublished\":\"2024-04-23T19:30:12+00:00\",\"dateModified\":\"2025-04-14T11:51:56+00:00\",\"breadcrumb\":{\"@id\":\"https:\/\/grupocimhe.com\/pt-br\/qualidade\/#breadcrumb\"},\"inLanguage\":\"pt-BR\",\"potentialAction\":[{\"@type\":\"ReadAction\",\"target\":[\"https:\/\/grupocimhe.com\/pt-br\/qualidade\/\"]}]},{\"@type\":\"BreadcrumbList\",\"@id\":\"https:\/\/grupocimhe.com\/pt-br\/qualidade\/#breadcrumb\",\"itemListElement\":[{\"@type\":\"ListItem\",\"position\":1,\"name\":\"Portada\",\"item\":\"https:\/\/grupocimhe.com\/pt-br\/grupo-cimhe\/\"},{\"@type\":\"ListItem\",\"position\":2,\"name\":\"QUALIDADE\"}]},{\"@type\":\"WebSite\",\"@id\":\"https:\/\/grupocimhe.com\/#website\",\"url\":\"https:\/\/grupocimhe.com\/\",\"name\":\"grupocimhe.com\",\"description\":\"Ciencia e Ingenier\u00eda M\u00f3vil del Hormig\u00f3n Elaborado\",\"potentialAction\":[{\"@type\":\"SearchAction\",\"target\":{\"@type\":\"EntryPoint\",\"urlTemplate\":\"https:\/\/grupocimhe.com\/?s={search_term_string}\"},\"query-input\":{\"@type\":\"PropertyValueSpecification\",\"valueRequired\":true,\"valueName\":\"search_term_string\"}}],\"inLanguage\":\"pt-BR\"}]}<\/script>\n<!-- \/ Yoast SEO Premium plugin. -->","yoast_head_json":{"title":"QUALIDADE - grupocimhe.com","robots":{"index":"index","follow":"follow","max-snippet":"max-snippet:-1","max-image-preview":"max-image-preview:large","max-video-preview":"max-video-preview:-1"},"canonical":"https:\/\/grupocimhe.com\/pt-br\/qualidade\/","og_locale":"pt_BR","og_type":"article","og_title":"QUALIDADE","og_description":"CERTIFICANDO A EXCEL\u00caNCIA: Nosso compromisso com a qualidade Qualquer empresa que escolha avaliar seus projetos e opte pelo Grupo Cimhe, garante resultados confi\u00e1veis, conformidade regulat\u00f3ria, reputa\u00e7\u00e3o s\u00f3lida, efici\u00eancia operacional e melhoria cont\u00ednua nos projetos de constru\u00e7\u00e3o.Nosso compromisso com a qualidade nos posicionou como l\u00edderes no mercado nacional, capazes de enfrentar qualquer desafio que surja no [&hellip;]","og_url":"https:\/\/grupocimhe.com\/pt-br\/qualidade\/","og_site_name":"grupocimhe.com","article_modified_time":"2025-04-14T11:51:56+00:00","twitter_card":"summary_large_image","twitter_misc":{"Est. tempo de leitura":"3 minutos"},"schema":{"@context":"https:\/\/schema.org","@graph":[{"@type":"WebPage","@id":"https:\/\/grupocimhe.com\/pt-br\/qualidade\/","url":"https:\/\/grupocimhe.com\/pt-br\/qualidade\/","name":"QUALIDADE - grupocimhe.com","isPartOf":{"@id":"https:\/\/grupocimhe.com\/#website"},"datePublished":"2024-04-23T19:30:12+00:00","dateModified":"2025-04-14T11:51:56+00:00","breadcrumb":{"@id":"https:\/\/grupocimhe.com\/pt-br\/qualidade\/#breadcrumb"},"inLanguage":"pt-BR","potentialAction":[{"@type":"ReadAction","target":["https:\/\/grupocimhe.com\/pt-br\/qualidade\/"]}]},{"@type":"BreadcrumbList","@id":"https:\/\/grupocimhe.com\/pt-br\/qualidade\/#breadcrumb","itemListElement":[{"@type":"ListItem","position":1,"name":"Portada","item":"https:\/\/grupocimhe.com\/pt-br\/grupo-cimhe\/"},{"@type":"ListItem","position":2,"name":"QUALIDADE"}]},{"@type":"WebSite","@id":"https:\/\/grupocimhe.com\/#website","url":"https:\/\/grupocimhe.com\/","name":"grupocimhe.com","description":"Ciencia e Ingenier\u00eda M\u00f3vil del Hormig\u00f3n Elaborado","potentialAction":[{"@type":"SearchAction","target":{"@type":"EntryPoint","urlTemplate":"https:\/\/grupocimhe.com\/?s={search_term_string}"},"query-input":{"@type":"PropertyValueSpecification","valueRequired":true,"valueName":"search_term_string"}}],"inLanguage":"pt-BR"}]}},"_links":{"self":[{"href":"https:\/\/grupocimhe.com\/pt-br\/wp-json\/wp\/v2\/pages\/27055","targetHints":{"allow":["GET"]}}],"collection":[{"href":"https:\/\/grupocimhe.com\/pt-br\/wp-json\/wp\/v2\/pages"}],"about":[{"href":"https:\/\/grupocimhe.com\/pt-br\/wp-json\/wp\/v2\/types\/page"}],"author":[{"embeddable":true,"href":"https:\/\/grupocimhe.com\/pt-br\/wp-json\/wp\/v2\/users\/1"}],"replies":[{"embeddable":true,"href":"https:\/\/grupocimhe.com\/pt-br\/wp-json\/wp\/v2\/comments?post=27055"}],"version-history":[{"count":7,"href":"https:\/\/grupocimhe.com\/pt-br\/wp-json\/wp\/v2\/pages\/27055\/revisions"}],"predecessor-version":[{"id":27173,"href":"https:\/\/grupocimhe.com\/pt-br\/wp-json\/wp\/v2\/pages\/27055\/revisions\/27173"}],"wp:attachment":[{"href":"https:\/\/grupocimhe.com\/pt-br\/wp-json\/wp\/v2\/media?parent=27055"}],"curies":[{"name":"wp","href":"https:\/\/api.w.org\/{rel}","templated":true}]}}