{"id":27084,"date":"2024-05-07T01:18:18","date_gmt":"2024-05-06T23:18:18","guid":{"rendered":"https:\/\/grupocimhe.com\/blog-de-notas\/"},"modified":"2024-05-07T01:46:29","modified_gmt":"2024-05-06T23:46:29","slug":"blog-de-notas","status":"publish","type":"page","link":"https:\/\/grupocimhe.com\/pt-br\/blog-de-notas\/","title":{"rendered":"BLOG DE NOTAS"},"content":{"rendered":"<p>[et_pb_section fb_built=&#8221;1&#8243; _builder_version=&#8221;4.24.0&#8243; use_background_color_gradient=&#8221;on&#8221; background_color_gradient_stops=&#8221;#608d9b 0%|#ffffff 100%&#8221; background_color_gradient_start=&#8221;#8395a7&#8243; background_color_gradient_end=&#8221;#ffffff&#8221; global_colors_info=&#8221;{}&#8221;][et_pb_row column_structure=&#8221;1_2,1_2&#8243; _builder_version=&#8221;4.24.0&#8243; custom_margin=&#8221;|auto|-40px|auto||&#8221; global_colors_info=&#8221;{}&#8221;][et_pb_column type=&#8221;1_2&#8243; _builder_version=&#8221;4.16&#8243; global_colors_info=&#8221;{}&#8221;][et_pb_text _builder_version=&#8221;4.25.0&#8243; text_font=&#8221;Cabin||||||||&#8221; text_text_color=&#8221;rgba(85,101,112,0.8)&#8221; text_font_size=&#8221;16px&#8221; text_line_height=&#8221;1.8em&#8221; header_font=&#8221;Squada One|700|||||||&#8221; header_text_color=&#8221;#7570a8&#8243; header_font_size=&#8221;66px&#8221; header_line_height=&#8221;1.1em&#8221; header_3_font=&#8221;Cabin|700||on|||||&#8221; header_3_text_color=&#8221;#FFFFFF&#8221; header_3_font_size=&#8221;17px&#8221; header_3_letter_spacing=&#8221;3px&#8221; header_3_line_height=&#8221;1.4em&#8221; header_4_line_height=&#8221;1.4em&#8221; max_width=&#8221;36vw&#8221; max_width_tablet=&#8221;90%&#8221; max_width_phone=&#8221;100%&#8221; max_width_last_edited=&#8221;on|tablet&#8221; custom_margin=&#8221;||||false|false&#8221; animation_style=&#8221;slide&#8221; animation_direction=&#8221;right&#8221; animation_duration=&#8221;1500ms&#8221; text_font_size_tablet=&#8221;15px&#8221; text_font_size_phone=&#8221;14px&#8221; text_font_size_last_edited=&#8221;on|phone&#8221; header_font_size_tablet=&#8221;52px&#8221; header_font_size_phone=&#8221;38px&#8221; header_font_size_last_edited=&#8221;on|desktop&#8221; locked=&#8221;off&#8221; global_colors_info=&#8221;{}&#8221;]<\/p>\n<h3>Grupo CIMHE<\/h3>\n<h1>BLOG DE NOTAS<\/h1>\n<h4>Actualidade das empresas do GRUPO CIMHE. Algumas experi\u00eancias atuais. <\/h4>\n<p>[\/et_pb_text][\/et_pb_column][et_pb_column type=&#8221;1_2&#8243; _builder_version=&#8221;4.24.0&#8243; background_color=&#8221;#ffffff&#8221; global_colors_info=&#8221;{}&#8221;][et_pb_image src=&#8221;https:\/\/grupocimhe.com\/wp-content\/uploads\/2024\/02\/logo-Insumos-y-Control-de-Hormigones-Elaborados-Geotecnica-Grupo-Cimhe-.png&#8221; title_text=&#8221;Entradas e Controlo de Bet\u00f5es Elaborados Geotecnica Grupo Cimhe&#8221; align=&#8221;center&#8221; _builder_version=&#8221;4.24.0&#8243; background_enable_color=&#8221;off&#8221; custom_padding=&#8221;5%|5%|5%|5%|false|true&#8221; border_width_bottom=&#8221;10px&#8221; border_color_bottom=&#8221;#7999a8&#8243; global_colors_info=&#8221;{}&#8221;][\/et_pb_image][\/et_pb_column][\/et_pb_row][\/et_pb_section][et_pb_section fb_built=&#8221;1&#8243; _builder_version=&#8221;4.24.0&#8243; _module_preset=&#8221;default&#8221; background_color=&#8221;#eeedeb&#8221; custom_padding=&#8221;24px|||||&#8221; global_colors_info=&#8221;{}&#8221;][et_pb_row _builder_version=&#8221;4.24.0&#8243; _module_preset=&#8221;default&#8221; global_colors_info=&#8221;{}&#8221;][et_pb_column type=&#8221;4_4&#8243; _builder_version=&#8221;4.24.0&#8243; _module_preset=&#8221;default&#8221; global_colors_info=&#8221;{}&#8221;][et_pb_blog fullwidth=&#8221;off&#8221; posts_number=&#8221;6&#8243; include_categories=&#8221;76&#8243; excerpt_length=&#8221;130&#8243; show_author=&#8221;off&#8221; show_date=&#8221;off&#8221; show_categories=&#8221;off&#8221; masonry_tile_background_color=&#8221;#8986a8&#8243; _builder_version=&#8221;4.25.0&#8243; _module_preset=&#8221;default&#8221; header_text_color=&#8221;#ffffff&#8221; header_line_height=&#8221;1.3em&#8221; body_text_color=&#8221;#fffff1&#8243; custom_margin=&#8221;27px|||||&#8221; global_colors_info=&#8221;{}&#8221;][\/et_pb_blog][\/et_pb_column][\/et_pb_row][et_pb_row use_custom_gutter=&#8221;on&#8221; gutter_width=&#8221;2&#8243; make_equal=&#8221;on&#8221; custom_padding_last_edited=&#8221;on|phone&#8221; _builder_version=&#8221;4.24.1&#8243; _module_preset=&#8221;default&#8221; background_color=&#8221;#8986A8&#8243; custom_padding=&#8221;53px|30px||30px|false|true&#8221; custom_padding_tablet=&#8221;53px|30px||30px|false|true&#8221; custom_padding_phone=&#8221;53px|30px||30px|false|true&#8221; global_colors_info=&#8221;{}&#8221;][et_pb_column type=&#8221;4_4&#8243; _builder_version=&#8221;4.24.1&#8243; _module_preset=&#8221;default&#8221; global_colors_info=&#8221;{}&#8221;][et_pb_text _builder_version=&#8221;4.24.1&#8243; _module_preset=&#8221;default&#8221; header_2_text_align=&#8221;center&#8221; header_2_text_color=&#8221;#FFFFFF&#8221; custom_margin=&#8221;||44px|||&#8221; header_2_font_size_tablet=&#8221;&#8221; header_2_font_size_phone=&#8221;18px&#8221; header_2_font_size_last_edited=&#8221;on|phone&#8221; header_2_line_height_tablet=&#8221;&#8221; header_2_line_height_phone=&#8221;1.4em&#8221; header_2_line_height_last_edited=&#8221;on|phone&#8221; header_2_text_shadow_style=&#8221;preset1&#8243; global_colors_info=&#8221;{}&#8221;]<\/p>\n<h2>Galeria de not\u00edcias<\/h2>\n<p>[\/et_pb_text][et_pb_gallery gallery_ids=&#8221;26976,26978,26947,26952,26956,26954,26958,26962,26964,26966,26968,26970,26972,26960&#8243; fullwidth=&#8221;on&#8221; _builder_version=&#8221;4.25.0&#8243; _module_preset=&#8221;default&#8221; title_text_align=&#8221;center&#8221; title_text_color=&#8221;#ffffff&#8221; title_font_size=&#8221;14px&#8221; title_line_height=&#8221;1.4em&#8221; pagination_text_color=&#8221;#EE5253&#8243; hover_enabled=&#8221;0&#8243; global_colors_info=&#8221;{}&#8221; auto=&#8221;on&#8221; sticky_enabled=&#8221;0&#8243;][\/et_pb_gallery][\/et_pb_column][\/et_pb_row][\/et_pb_section]<\/p>\n","protected":false},"excerpt":{"rendered":"<p>Grupo CIMHE BLOG DE NOTAS Actualidade das empresas do GRUPO CIMHE. Algumas experi\u00eancias atuais. Galeria de not\u00edcias<\/p>\n","protected":false},"author":1,"featured_media":0,"parent":0,"menu_order":0,"comment_status":"closed","ping_status":"closed","template":"","meta":{"_et_pb_use_builder":"on","_et_pb_old_content":"","_et_gb_content_width":"","footnotes":""},"class_list":["post-27084","page","type-page","status-publish","hentry"],"yoast_head":"<!-- This site is optimized with the Yoast SEO Premium plugin v22.5 (Yoast SEO v26.8) - https:\/\/yoast.com\/product\/yoast-seo-premium-wordpress\/ -->\n<title>BLOG DE NOTAS - grupocimhe.com<\/title>\n<meta name=\"robots\" content=\"index, follow, max-snippet:-1, max-image-preview:large, max-video-preview:-1\" \/>\n<link rel=\"canonical\" href=\"https:\/\/grupocimhe.com\/blog\/\" \/>\n<meta property=\"og:locale\" content=\"pt_BR\" \/>\n<meta property=\"og:type\" content=\"article\" \/>\n<meta property=\"og:title\" content=\"BLOG DE NOTAS\" \/>\n<meta property=\"og:description\" content=\"Grupo CIMHE BLOG DE NOTAS Actualidade das empresas do GRUPO CIMHE. Algumas experi\u00eancias atuais. Galeria de not\u00edcias\" \/>\n<meta property=\"og:url\" content=\"https:\/\/grupocimhe.com\/blog\/\" \/>\n<meta property=\"og:site_name\" content=\"grupocimhe.com\" \/>\n<meta property=\"article:modified_time\" content=\"2024-05-06T23:46:29+00:00\" \/>\n<meta name=\"twitter:card\" content=\"summary_large_image\" \/>\n<meta name=\"twitter:label1\" content=\"Est. tempo de leitura\" \/>\n\t<meta name=\"twitter:data1\" content=\"3 minutos\" \/>\n<script type=\"application\/ld+json\" class=\"yoast-schema-graph\">{\"@context\":\"https:\/\/schema.org\",\"@graph\":[{\"@type\":\"WebPage\",\"@id\":\"https:\/\/grupocimhe.com\/blog\/\",\"url\":\"https:\/\/grupocimhe.com\/blog\/\",\"name\":\"BLOG DE NOTAS - grupocimhe.com\",\"isPartOf\":{\"@id\":\"https:\/\/grupocimhe.com\/#website\"},\"datePublished\":\"2024-05-06T23:18:18+00:00\",\"dateModified\":\"2024-05-06T23:46:29+00:00\",\"breadcrumb\":{\"@id\":\"https:\/\/grupocimhe.com\/blog\/#breadcrumb\"},\"inLanguage\":\"pt-BR\",\"potentialAction\":[{\"@type\":\"ReadAction\",\"target\":[\"https:\/\/grupocimhe.com\/blog\/\"]}]},{\"@type\":\"BreadcrumbList\",\"@id\":\"https:\/\/grupocimhe.com\/blog\/#breadcrumb\",\"itemListElement\":[{\"@type\":\"ListItem\",\"position\":1,\"name\":\"Portada\",\"item\":\"https:\/\/grupocimhe.com\/pt-br\/grupo-cimhe\/\"},{\"@type\":\"ListItem\",\"position\":2,\"name\":\"BLOG DE NOTAS\"}]},{\"@type\":\"WebSite\",\"@id\":\"https:\/\/grupocimhe.com\/#website\",\"url\":\"https:\/\/grupocimhe.com\/\",\"name\":\"grupocimhe.com\",\"description\":\"Ciencia e Ingenier\u00eda M\u00f3vil del Hormig\u00f3n Elaborado\",\"potentialAction\":[{\"@type\":\"SearchAction\",\"target\":{\"@type\":\"EntryPoint\",\"urlTemplate\":\"https:\/\/grupocimhe.com\/?s={search_term_string}\"},\"query-input\":{\"@type\":\"PropertyValueSpecification\",\"valueRequired\":true,\"valueName\":\"search_term_string\"}}],\"inLanguage\":\"pt-BR\"}]}<\/script>\n<!-- \/ Yoast SEO Premium plugin. -->","yoast_head_json":{"title":"BLOG DE NOTAS - grupocimhe.com","robots":{"index":"index","follow":"follow","max-snippet":"max-snippet:-1","max-image-preview":"max-image-preview:large","max-video-preview":"max-video-preview:-1"},"canonical":"https:\/\/grupocimhe.com\/blog\/","og_locale":"pt_BR","og_type":"article","og_title":"BLOG DE NOTAS","og_description":"Grupo CIMHE BLOG DE NOTAS Actualidade das empresas do GRUPO CIMHE. Algumas experi\u00eancias atuais. Galeria de not\u00edcias","og_url":"https:\/\/grupocimhe.com\/blog\/","og_site_name":"grupocimhe.com","article_modified_time":"2024-05-06T23:46:29+00:00","twitter_card":"summary_large_image","twitter_misc":{"Est. tempo de leitura":"3 minutos"},"schema":{"@context":"https:\/\/schema.org","@graph":[{"@type":"WebPage","@id":"https:\/\/grupocimhe.com\/blog\/","url":"https:\/\/grupocimhe.com\/blog\/","name":"BLOG DE NOTAS - grupocimhe.com","isPartOf":{"@id":"https:\/\/grupocimhe.com\/#website"},"datePublished":"2024-05-06T23:18:18+00:00","dateModified":"2024-05-06T23:46:29+00:00","breadcrumb":{"@id":"https:\/\/grupocimhe.com\/blog\/#breadcrumb"},"inLanguage":"pt-BR","potentialAction":[{"@type":"ReadAction","target":["https:\/\/grupocimhe.com\/blog\/"]}]},{"@type":"BreadcrumbList","@id":"https:\/\/grupocimhe.com\/blog\/#breadcrumb","itemListElement":[{"@type":"ListItem","position":1,"name":"Portada","item":"https:\/\/grupocimhe.com\/pt-br\/grupo-cimhe\/"},{"@type":"ListItem","position":2,"name":"BLOG DE NOTAS"}]},{"@type":"WebSite","@id":"https:\/\/grupocimhe.com\/#website","url":"https:\/\/grupocimhe.com\/","name":"grupocimhe.com","description":"Ciencia e Ingenier\u00eda M\u00f3vil del Hormig\u00f3n Elaborado","potentialAction":[{"@type":"SearchAction","target":{"@type":"EntryPoint","urlTemplate":"https:\/\/grupocimhe.com\/?s={search_term_string}"},"query-input":{"@type":"PropertyValueSpecification","valueRequired":true,"valueName":"search_term_string"}}],"inLanguage":"pt-BR"}]}},"_links":{"self":[{"href":"https:\/\/grupocimhe.com\/pt-br\/wp-json\/wp\/v2\/pages\/27084","targetHints":{"allow":["GET"]}}],"collection":[{"href":"https:\/\/grupocimhe.com\/pt-br\/wp-json\/wp\/v2\/pages"}],"about":[{"href":"https:\/\/grupocimhe.com\/pt-br\/wp-json\/wp\/v2\/types\/page"}],"author":[{"embeddable":true,"href":"https:\/\/grupocimhe.com\/pt-br\/wp-json\/wp\/v2\/users\/1"}],"replies":[{"embeddable":true,"href":"https:\/\/grupocimhe.com\/pt-br\/wp-json\/wp\/v2\/comments?post=27084"}],"version-history":[{"count":2,"href":"https:\/\/grupocimhe.com\/pt-br\/wp-json\/wp\/v2\/pages\/27084\/revisions"}],"predecessor-version":[{"id":27086,"href":"https:\/\/grupocimhe.com\/pt-br\/wp-json\/wp\/v2\/pages\/27084\/revisions\/27086"}],"wp:attachment":[{"href":"https:\/\/grupocimhe.com\/pt-br\/wp-json\/wp\/v2\/media?parent=27084"}],"curies":[{"name":"wp","href":"https:\/\/api.w.org\/{rel}","templated":true}]}}