{"id":27087,"date":"2024-05-07T01:28:02","date_gmt":"2024-05-06T23:28:02","guid":{"rendered":"https:\/\/grupocimhe.com\/noticias-2\/"},"modified":"2024-05-07T01:47:30","modified_gmt":"2024-05-06T23:47:30","slug":"noticias-2","status":"publish","type":"page","link":"https:\/\/grupocimhe.com\/pt-br\/noticias-2\/","title":{"rendered":"NOT\u00cdCIAS"},"content":{"rendered":"<p>[et_pb_section fb_built=&#8221;1&#8243; theme_builder_area=&#8221;post_content&#8221; _builder_version=&#8221;4.25.0&#8243; _module_preset=&#8221;default&#8221; custom_padding=&#8221;100px||100px||true|&#8221; hover_enabled=&#8221;0&#8243; sticky_enabled=&#8221;0&#8243;][et_pb_row _builder_version=&#8221;4.25.0&#8243; _module_preset=&#8221;default&#8221; theme_builder_area=&#8221;post_content&#8221; background_color=&#8221;#8986A8&#8243; hover_enabled=&#8221;0&#8243; sticky_enabled=&#8221;0&#8243; title_text=&#8221;Grupo-CIMHE&#8211;Busca-insertarse-en-el-Mercado-Internacional-Local&#8221; background_image=&#8221;https:\/\/grupocimhe.com\/wp-content\/uploads\/2020\/02\/Grupo-CIMHE-Busca-insertarse-en-el-Mercado-Internacional-Local.jpg&#8221; use_background_color_gradient=&#8221;on&#8221; background_color_gradient_overlays_image=&#8221;on&#8221; background_color_gradient_stops=&#8221;rgba(26,32,38,0.72) 0%|rgba(137,134,168,0.66) 100%&#8221; background_color_gradient_type=&#8221;circular&#8221; border_radii=&#8221;on|30px|30px|30px|30px&#8221; box_shadow_style=&#8221;preset3&#8243; make_equal=&#8221;on&#8221; use_custom_gutter=&#8221;on&#8221; height=&#8221;15vh&#8221; height_last_edited=&#8221;on|phone&#8221; position_origin_r__hover_enabled=&#8221;on|desktop&#8221; positioning__hover_enabled=&#8221;on|desktop&#8221; position_origin_f__hover_enabled=&#8221;on|desktop&#8221; position_origin_a__hover_enabled=&#8221;on|desktop&#8221; transform_styles__hover_enabled=&#8221;on|desktop&#8221; transform_scale__hover_enabled=&#8221;on|desktop&#8221; transform_translate__hover_enabled=&#8221;on|desktop&#8221; transform_rotate__hover_enabled=&#8221;on|desktop&#8221; transform_skew__hover_enabled=&#8221;on|desktop&#8221; transform_origin__hover_enabled=&#8221;on|desktop&#8221; transform_scale__hover=&#8221;105%|105%&#8221; link_option_url=&#8221;@ET-DC@eyJkeW5hbWljIjp0cnVlLCJjb250ZW50IjoicG9zdF9saW5rX3VybF9wYWdlIiwic2V0dGluZ3MiOnsicG9zdF9pZCI6IjIzMiJ9fQ==@&#8221; _dynamic_attributes=&#8221;link_option_url&#8221; custom_padding=&#8221;||||false|false&#8221; custom_margin=&#8221;20px||20px||true|false&#8221; height_tablet=&#8221;15vh&#8221; height_phone=&#8221;15vh&#8221;][et_pb_column _builder_version=&#8221;4.25.0&#8243; _module_preset=&#8221;default&#8221; type=&#8221;4_4&#8243; theme_builder_area=&#8221;post_content&#8221; custom_css_main_element=&#8221;display: flex;||flex-direction: column;||justify-content: center;&#8221; hover_enabled=&#8221;0&#8243; sticky_enabled=&#8221;0&#8243;][et_pb_text _builder_version=&#8221;4.25.0&#8243; _module_preset=&#8221;default&#8221; theme_builder_area=&#8221;post_content&#8221; hover_enabled=&#8221;0&#8243; sticky_enabled=&#8221;0&#8243; header_3_text_align=&#8221;center&#8221; header_3_font=&#8221;|700|||||||&#8221; header_3_text_color=&#8221;#ffffff&#8221;]<\/p>\n<h3>NOT\u00cdCIAS MAIS RECENTES<\/h3>\n<p>[\/et_pb_text][\/et_pb_column][\/et_pb_row][et_pb_row _builder_version=&#8221;4.25.0&#8243; _module_preset=&#8221;default&#8221; theme_builder_area=&#8221;post_content&#8221; background_color=&#8221;#8986A8&#8243; hover_enabled=&#8221;0&#8243; sticky_enabled=&#8221;0&#8243; title_text=&#8221;Convenci\u00f3n con la asociaci\u00f3n en Paran\u00e1 Grupo Cimhe&#8221; background_image=&#8221;https:\/\/grupocimhe.com\/wp-content\/uploads\/2024\/02\/3.png&#8221; use_background_color_gradient=&#8221;on&#8221; background_color_gradient_overlays_image=&#8221;on&#8221; background_color_gradient_stops=&#8221;rgba(26,32,38,0.72) 0%|rgba(137,134,168,0.66) 100%&#8221; background_color_gradient_type=&#8221;circular&#8221; border_radii=&#8221;on|30px|30px|30px|30px&#8221; box_shadow_style=&#8221;preset3&#8243; make_equal=&#8221;on&#8221; use_custom_gutter=&#8221;on&#8221; height=&#8221;15vh&#8221; height_last_edited=&#8221;on|phone&#8221; position_origin_r__hover_enabled=&#8221;on|desktop&#8221; positioning__hover_enabled=&#8221;on|desktop&#8221; position_origin_f__hover_enabled=&#8221;on|desktop&#8221; position_origin_a__hover_enabled=&#8221;on|desktop&#8221; transform_styles__hover_enabled=&#8221;on|desktop&#8221; transform_scale__hover_enabled=&#8221;on|desktop&#8221; transform_translate__hover_enabled=&#8221;on|desktop&#8221; transform_rotate__hover_enabled=&#8221;on|desktop&#8221; transform_skew__hover_enabled=&#8221;on|desktop&#8221; transform_origin__hover_enabled=&#8221;on|desktop&#8221; transform_scale__hover=&#8221;105%|105%&#8221; link_option_url=&#8221;@ET-DC@eyJkeW5hbWljIjp0cnVlLCJjb250ZW50IjoicG9zdF9saW5rX3VybF9wYWdlIiwic2V0dGluZ3MiOnsicG9zdF9pZCI6IjI3MDYxIn19@&#8221; _dynamic_attributes=&#8221;link_option_url&#8221; custom_padding=&#8221;||||false|false&#8221; custom_margin=&#8221;20px||20px||true|false&#8221; height_tablet=&#8221;15vh&#8221; height_phone=&#8221;15vh&#8221;][et_pb_column _builder_version=&#8221;4.25.0&#8243; _module_preset=&#8221;default&#8221; type=&#8221;4_4&#8243; theme_builder_area=&#8221;post_content&#8221; custom_css_main_element=&#8221;display: flex;||flex-direction: column;||justify-content: center;&#8221; hover_enabled=&#8221;0&#8243; sticky_enabled=&#8221;0&#8243;][et_pb_text _builder_version=&#8221;4.25.0&#8243; _module_preset=&#8221;default&#8221; theme_builder_area=&#8221;post_content&#8221; hover_enabled=&#8221;0&#8243; sticky_enabled=&#8221;0&#8243; header_3_text_align=&#8221;center&#8221; header_3_font=&#8221;|700|||||||&#8221; header_3_text_color=&#8221;#ffffff&#8221;]<\/p>\n<h3>BLOG DE NOTAS<\/h3>\n<p>[\/et_pb_text][\/et_pb_column][\/et_pb_row][et_pb_row _builder_version=&#8221;4.25.0&#8243; _module_preset=&#8221;default&#8221; theme_builder_area=&#8221;post_content&#8221; background_color=&#8221;#8986A8&#8243; hover_enabled=&#8221;0&#8243; sticky_enabled=&#8221;0&#8243; title_text=&#8221;Pasantias pr\u00e1cticas Grupo Cimhe&#8221; background_image=&#8221;https:\/\/grupocimhe.com\/wp-content\/uploads\/2024\/02\/Pasantias-practicas-Grupo-Cimhe.jpg&#8221; use_background_color_gradient=&#8221;on&#8221; background_color_gradient_overlays_image=&#8221;on&#8221; background_color_gradient_stops=&#8221;rgba(26,32,38,0.72) 0%|rgba(137,134,168,0.66) 100%&#8221; background_color_gradient_type=&#8221;circular&#8221; border_radii=&#8221;on|30px|30px|30px|30px&#8221; box_shadow_style=&#8221;preset3&#8243; make_equal=&#8221;on&#8221; use_custom_gutter=&#8221;on&#8221; height=&#8221;15vh&#8221; height_last_edited=&#8221;on|phone&#8221; position_origin_r__hover_enabled=&#8221;on|desktop&#8221; positioning__hover_enabled=&#8221;on|desktop&#8221; position_origin_f__hover_enabled=&#8221;on|desktop&#8221; position_origin_a__hover_enabled=&#8221;on|desktop&#8221; transform_styles__hover_enabled=&#8221;on|desktop&#8221; transform_scale__hover_enabled=&#8221;on|desktop&#8221; transform_translate__hover_enabled=&#8221;on|desktop&#8221; transform_rotate__hover_enabled=&#8221;on|desktop&#8221; transform_skew__hover_enabled=&#8221;on|desktop&#8221; transform_origin__hover_enabled=&#8221;on|desktop&#8221; transform_scale__hover=&#8221;105%|105%&#8221; link_option_url=&#8221;@ET-DC@eyJkeW5hbWljIjp0cnVlLCJjb250ZW50IjoicG9zdF9saW5rX3VybF9wYWdlIiwic2V0dGluZ3MiOnsicG9zdF9pZCI6IjI2NzA3In19@&#8221; _dynamic_attributes=&#8221;link_option_url&#8221; custom_padding=&#8221;||||false|false&#8221; custom_margin=&#8221;20px||20px||true|false&#8221; alt=&#8221;pasantias practicas maestro mayor de obra en Grupo CIMHE&#8221; height_tablet=&#8221;15vh&#8221; height_phone=&#8221;15vh&#8221;][et_pb_column _builder_version=&#8221;4.25.0&#8243; _module_preset=&#8221;default&#8221; type=&#8221;4_4&#8243; theme_builder_area=&#8221;post_content&#8221; custom_css_main_element=&#8221;display: flex;||flex-direction: column;||justify-content: center;&#8221; hover_enabled=&#8221;0&#8243; sticky_enabled=&#8221;0&#8243;][et_pb_text _builder_version=&#8221;4.25.0&#8243; _module_preset=&#8221;default&#8221; theme_builder_area=&#8221;post_content&#8221; hover_enabled=&#8221;0&#8243; sticky_enabled=&#8221;0&#8243; header_3_text_align=&#8221;center&#8221; header_3_font=&#8221;|700|||||||&#8221; header_3_text_color=&#8221;#ffffff&#8221;]<\/p>\n<h3>TREINAMENTOS<\/h3>\n<p>[\/et_pb_text][\/et_pb_column][\/et_pb_row][\/et_pb_section]<\/p>\n","protected":false},"excerpt":{"rendered":"<p>NOT\u00cdCIAS MAIS RECENTESBLOG DE NOTASTREINAMENTOS<\/p>\n","protected":false},"author":1,"featured_media":0,"parent":0,"menu_order":0,"comment_status":"closed","ping_status":"closed","template":"","meta":{"_et_pb_use_builder":"on","_et_pb_old_content":"","_et_gb_content_width":"","footnotes":""},"class_list":["post-27087","page","type-page","status-publish","hentry"],"yoast_head":"<!-- This site is optimized with the Yoast SEO Premium plugin v22.5 (Yoast SEO v26.8) - https:\/\/yoast.com\/product\/yoast-seo-premium-wordpress\/ -->\n<title>NOT\u00cdCIAS - grupocimhe.com<\/title>\n<meta name=\"robots\" content=\"index, follow, max-snippet:-1, max-image-preview:large, max-video-preview:-1\" \/>\n<link rel=\"canonical\" href=\"https:\/\/grupocimhe.com\/pt-br\/noticias-2\/\" \/>\n<meta property=\"og:locale\" content=\"pt_BR\" \/>\n<meta property=\"og:type\" content=\"article\" \/>\n<meta property=\"og:title\" content=\"NOT\u00cdCIAS\" \/>\n<meta property=\"og:description\" content=\"NOT\u00cdCIAS MAIS RECENTESBLOG DE NOTASTREINAMENTOS\" \/>\n<meta property=\"og:url\" content=\"https:\/\/grupocimhe.com\/pt-br\/noticias-2\/\" \/>\n<meta property=\"og:site_name\" content=\"grupocimhe.com\" \/>\n<meta property=\"article:modified_time\" content=\"2024-05-06T23:47:30+00:00\" \/>\n<meta name=\"twitter:card\" content=\"summary_large_image\" \/>\n<meta name=\"twitter:label1\" content=\"Est. tempo de leitura\" \/>\n\t<meta name=\"twitter:data1\" content=\"4 minutos\" \/>\n<script type=\"application\/ld+json\" class=\"yoast-schema-graph\">{\"@context\":\"https:\/\/schema.org\",\"@graph\":[{\"@type\":\"WebPage\",\"@id\":\"https:\/\/grupocimhe.com\/pt-br\/noticias-2\/\",\"url\":\"https:\/\/grupocimhe.com\/pt-br\/noticias-2\/\",\"name\":\"NOT\u00cdCIAS - grupocimhe.com\",\"isPartOf\":{\"@id\":\"https:\/\/grupocimhe.com\/#website\"},\"datePublished\":\"2024-05-06T23:28:02+00:00\",\"dateModified\":\"2024-05-06T23:47:30+00:00\",\"breadcrumb\":{\"@id\":\"https:\/\/grupocimhe.com\/pt-br\/noticias-2\/#breadcrumb\"},\"inLanguage\":\"pt-BR\",\"potentialAction\":[{\"@type\":\"ReadAction\",\"target\":[\"https:\/\/grupocimhe.com\/pt-br\/noticias-2\/\"]}]},{\"@type\":\"BreadcrumbList\",\"@id\":\"https:\/\/grupocimhe.com\/pt-br\/noticias-2\/#breadcrumb\",\"itemListElement\":[{\"@type\":\"ListItem\",\"position\":1,\"name\":\"Portada\",\"item\":\"https:\/\/grupocimhe.com\/pt-br\/grupo-cimhe\/\"},{\"@type\":\"ListItem\",\"position\":2,\"name\":\"NOT\u00cdCIAS\"}]},{\"@type\":\"WebSite\",\"@id\":\"https:\/\/grupocimhe.com\/#website\",\"url\":\"https:\/\/grupocimhe.com\/\",\"name\":\"grupocimhe.com\",\"description\":\"Ciencia e Ingenier\u00eda M\u00f3vil del Hormig\u00f3n Elaborado\",\"potentialAction\":[{\"@type\":\"SearchAction\",\"target\":{\"@type\":\"EntryPoint\",\"urlTemplate\":\"https:\/\/grupocimhe.com\/?s={search_term_string}\"},\"query-input\":{\"@type\":\"PropertyValueSpecification\",\"valueRequired\":true,\"valueName\":\"search_term_string\"}}],\"inLanguage\":\"pt-BR\"}]}<\/script>\n<!-- \/ Yoast SEO Premium plugin. -->","yoast_head_json":{"title":"NOT\u00cdCIAS - grupocimhe.com","robots":{"index":"index","follow":"follow","max-snippet":"max-snippet:-1","max-image-preview":"max-image-preview:large","max-video-preview":"max-video-preview:-1"},"canonical":"https:\/\/grupocimhe.com\/pt-br\/noticias-2\/","og_locale":"pt_BR","og_type":"article","og_title":"NOT\u00cdCIAS","og_description":"NOT\u00cdCIAS MAIS RECENTESBLOG DE NOTASTREINAMENTOS","og_url":"https:\/\/grupocimhe.com\/pt-br\/noticias-2\/","og_site_name":"grupocimhe.com","article_modified_time":"2024-05-06T23:47:30+00:00","twitter_card":"summary_large_image","twitter_misc":{"Est. tempo de leitura":"4 minutos"},"schema":{"@context":"https:\/\/schema.org","@graph":[{"@type":"WebPage","@id":"https:\/\/grupocimhe.com\/pt-br\/noticias-2\/","url":"https:\/\/grupocimhe.com\/pt-br\/noticias-2\/","name":"NOT\u00cdCIAS - grupocimhe.com","isPartOf":{"@id":"https:\/\/grupocimhe.com\/#website"},"datePublished":"2024-05-06T23:28:02+00:00","dateModified":"2024-05-06T23:47:30+00:00","breadcrumb":{"@id":"https:\/\/grupocimhe.com\/pt-br\/noticias-2\/#breadcrumb"},"inLanguage":"pt-BR","potentialAction":[{"@type":"ReadAction","target":["https:\/\/grupocimhe.com\/pt-br\/noticias-2\/"]}]},{"@type":"BreadcrumbList","@id":"https:\/\/grupocimhe.com\/pt-br\/noticias-2\/#breadcrumb","itemListElement":[{"@type":"ListItem","position":1,"name":"Portada","item":"https:\/\/grupocimhe.com\/pt-br\/grupo-cimhe\/"},{"@type":"ListItem","position":2,"name":"NOT\u00cdCIAS"}]},{"@type":"WebSite","@id":"https:\/\/grupocimhe.com\/#website","url":"https:\/\/grupocimhe.com\/","name":"grupocimhe.com","description":"Ciencia e Ingenier\u00eda M\u00f3vil del Hormig\u00f3n Elaborado","potentialAction":[{"@type":"SearchAction","target":{"@type":"EntryPoint","urlTemplate":"https:\/\/grupocimhe.com\/?s={search_term_string}"},"query-input":{"@type":"PropertyValueSpecification","valueRequired":true,"valueName":"search_term_string"}}],"inLanguage":"pt-BR"}]}},"_links":{"self":[{"href":"https:\/\/grupocimhe.com\/pt-br\/wp-json\/wp\/v2\/pages\/27087","targetHints":{"allow":["GET"]}}],"collection":[{"href":"https:\/\/grupocimhe.com\/pt-br\/wp-json\/wp\/v2\/pages"}],"about":[{"href":"https:\/\/grupocimhe.com\/pt-br\/wp-json\/wp\/v2\/types\/page"}],"author":[{"embeddable":true,"href":"https:\/\/grupocimhe.com\/pt-br\/wp-json\/wp\/v2\/users\/1"}],"replies":[{"embeddable":true,"href":"https:\/\/grupocimhe.com\/pt-br\/wp-json\/wp\/v2\/comments?post=27087"}],"version-history":[{"count":2,"href":"https:\/\/grupocimhe.com\/pt-br\/wp-json\/wp\/v2\/pages\/27087\/revisions"}],"predecessor-version":[{"id":27089,"href":"https:\/\/grupocimhe.com\/pt-br\/wp-json\/wp\/v2\/pages\/27087\/revisions\/27089"}],"wp:attachment":[{"href":"https:\/\/grupocimhe.com\/pt-br\/wp-json\/wp\/v2\/media?parent=27087"}],"curies":[{"name":"wp","href":"https:\/\/api.w.org\/{rel}","templated":true}]}}